{"id":225,"date":"2026-03-25T15:01:02","date_gmt":"2026-03-25T14:01:02","guid":{"rendered":"https:\/\/pippiwool.com\/?page_id=225"},"modified":"2026-03-26T16:19:00","modified_gmt":"2026-03-26T15:19:00","slug":"faq","status":"publish","type":"page","link":"https:\/\/pippiwool.com\/index.php\/faq\/","title":{"rendered":"FAQ"},"content":{"rendered":"\t\t<div data-elementor-type=\"wp-page\" data-elementor-id=\"225\" class=\"elementor elementor-225\">\n\t\t\t\t<div class=\"elementor-element elementor-element-73aee76 e-flex e-con-boxed e-con e-parent\" data-id=\"73aee76\" data-element_type=\"container\" data-e-type=\"container\">\n\t\t\t\t\t<div class=\"e-con-inner\">\n\t\t\t\t<div class=\"elementor-element elementor-element-8f775da elementor-widget elementor-widget-heading\" data-id=\"8f775da\" data-element_type=\"widget\" data-e-type=\"widget\" data-widget_type=\"heading.default\">\n\t\t\t\t\t<h1 class=\"elementor-heading-title elementor-size-default\">FAQ<\/h1>\t\t\t\t<\/div>\n\t\t\t\t\t<\/div>\n\t\t\t\t<\/div>\n\t\t<div class=\"elementor-element elementor-element-598b687 e-flex e-con-boxed e-con e-parent\" data-id=\"598b687\" data-element_type=\"container\" data-e-type=\"container\">\n\t\t\t\t\t<div class=\"e-con-inner\">\n\t\t\t\t<div class=\"elementor-element elementor-element-9f1b1f1 elementor-widget elementor-widget-n-accordion\" data-id=\"9f1b1f1\" data-element_type=\"widget\" data-e-type=\"widget\" data-settings=\"{&quot;default_state&quot;:&quot;expanded&quot;,&quot;max_items_expended&quot;:&quot;one&quot;,&quot;n_accordion_animation_duration&quot;:{&quot;unit&quot;:&quot;ms&quot;,&quot;size&quot;:400,&quot;sizes&quot;:[]}}\" data-widget_type=\"nested-accordion.default\">\n\t\t\t\t\t\t\t<div class=\"e-n-accordion\" aria-label=\"Accordion. Open links with Enter or Space, close with Escape, and navigate with Arrow Keys\">\n\t\t\t\t\t\t<details id=\"e-n-accordion-item-1660\" class=\"e-n-accordion-item\" open>\n\t\t\t\t<summary class=\"e-n-accordion-item-title\" data-accordion-index=\"1\" tabindex=\"0\" aria-expanded=\"true\" aria-controls=\"e-n-accordion-item-1660\" >\n\t\t\t\t\t<span class='e-n-accordion-item-title-header'><div class=\"e-n-accordion-item-title-text\"> D'o\u00f9 viennent les textiles ? <\/div><\/span>\n\t\t\t\t\t\t\t\t\t<\/summary>\n\t\t\t\t<div role=\"region\" aria-labelledby=\"e-n-accordion-item-1660\" class=\"elementor-element elementor-element-2b1c66f e-con-full e-flex e-con e-child\" data-id=\"2b1c66f\" data-element_type=\"container\" data-e-type=\"container\">\n\t\t\t\t<\/div>\n\t\t\t\t\t<\/details>\n\t\t\t\t\t\t<details id=\"e-n-accordion-item-1661\" class=\"e-n-accordion-item\" >\n\t\t\t\t<summary class=\"e-n-accordion-item-title\" data-accordion-index=\"2\" tabindex=\"-1\" aria-expanded=\"false\" aria-controls=\"e-n-accordion-item-1661\" >\n\t\t\t\t\t<span class='e-n-accordion-item-title-header'><div class=\"e-n-accordion-item-title-text\"> Combien de temps de livraison ? <\/div><\/span>\n\t\t\t\t\t\t\t\t\t<\/summary>\n\t\t\t\t<div role=\"region\" aria-labelledby=\"e-n-accordion-item-1661\" class=\"elementor-element elementor-element-cc83267 e-con-full e-flex e-con e-child\" data-id=\"cc83267\" data-element_type=\"container\" data-e-type=\"container\">\n\t\t\t\t<\/div>\n\t\t\t\t\t<\/details>\n\t\t\t\t\t\t<details id=\"e-n-accordion-item-1662\" class=\"e-n-accordion-item\" >\n\t\t\t\t<summary class=\"e-n-accordion-item-title\" data-accordion-index=\"3\" tabindex=\"-1\" aria-expanded=\"false\" aria-controls=\"e-n-accordion-item-1662\" >\n\t\t\t\t\t<span class='e-n-accordion-item-title-header'><div class=\"e-n-accordion-item-title-text\"> Peut-on faire une commande personnalis\u00e9e ? <\/div><\/span>\n\t\t\t\t\t\t\t\t\t<\/summary>\n\t\t\t\t<div role=\"region\" aria-labelledby=\"e-n-accordion-item-1662\" class=\"elementor-element elementor-element-9a862df e-con-full e-flex e-con e-child\" data-id=\"9a862df\" data-element_type=\"container\" data-e-type=\"container\">\n\t\t\t\t<\/div>\n\t\t\t\t\t<\/details>\n\t\t\t\t\t\t<details id=\"e-n-accordion-item-1663\" class=\"e-n-accordion-item\" >\n\t\t\t\t<summary class=\"e-n-accordion-item-title\" data-accordion-index=\"4\" tabindex=\"-1\" aria-expanded=\"false\" aria-controls=\"e-n-accordion-item-1663\" >\n\t\t\t\t\t<span class='e-n-accordion-item-title-header'><div class=\"e-n-accordion-item-title-text\"> Quels moyens de paiement sont accept\u00e9s ? <\/div><\/span>\n\t\t\t\t\t\t\t\t\t<\/summary>\n\t\t\t\t<div role=\"region\" aria-labelledby=\"e-n-accordion-item-1663\" class=\"elementor-element elementor-element-bba1776 e-flex e-con-boxed e-con e-child\" data-id=\"bba1776\" data-element_type=\"container\" data-e-type=\"container\">\n\t\t\t\t\t<div class=\"e-con-inner\">\n\t\t\t\t\t<\/div>\n\t\t\t\t<\/div>\n\t\t\t\t\t<\/details>\n\t\t\t\t\t<\/div>\n\t\t\t\t\t\t<\/div>\n\t\t\t\t\t<\/div>\n\t\t\t\t<\/div>\n\t\t\t\t<\/div>\n\t\t","protected":false},"excerpt":{"rendered":"<p>FAQ D&rsquo;o\u00f9 viennent les textiles ? Combien de temps de livraison ? Peut-on faire une commande personnalis\u00e9e ? Quels moyens de paiement sont accept\u00e9s ?<\/p>\n","protected":false},"author":1,"featured_media":0,"parent":0,"menu_order":0,"comment_status":"closed","ping_status":"closed","template":"","meta":{"_uag_custom_page_level_css":"","footnotes":""},"class_list":["post-225","page","type-page","status-publish","hentry"],"yoast_head":"<!-- This site is optimized with the Yoast SEO plugin v27.2 - https:\/\/yoast.com\/product\/yoast-seo-wordpress\/ -->\n<title>FAQ - Pippiwool<\/title>\n<meta name=\"robots\" content=\"noindex, follow, max-snippet:-1, max-image-preview:large, max-video-preview:-1\" \/>\n<meta property=\"og:locale\" content=\"fr_FR\" \/>\n<meta property=\"og:type\" content=\"article\" \/>\n<meta property=\"og:title\" content=\"FAQ - Pippiwool\" \/>\n<meta property=\"og:description\" content=\"FAQ D&rsquo;o\u00f9 viennent les textiles ? Combien de temps de livraison ? Peut-on faire une commande personnalis\u00e9e ? Quels moyens de paiement sont accept\u00e9s ?\" \/>\n<meta property=\"og:url\" content=\"https:\/\/pippiwool.com\/index.php\/faq\/\" \/>\n<meta property=\"og:site_name\" content=\"Pippiwool\" \/>\n<meta property=\"article:modified_time\" content=\"2026-03-26T15:19:00+00:00\" \/>\n<meta name=\"twitter:card\" content=\"summary_large_image\" \/>\n<meta name=\"twitter:label1\" content=\"Dur\u00e9e de lecture estim\u00e9e\" \/>\n\t<meta name=\"twitter:data1\" content=\"1 minute\" \/>\n<script type=\"application\/ld+json\" class=\"yoast-schema-graph\">{\"@context\":\"https:\/\/schema.org\",\"@graph\":[{\"@type\":\"WebPage\",\"@id\":\"https:\/\/pippiwool.com\/index.php\/faq\/\",\"url\":\"https:\/\/pippiwool.com\/index.php\/faq\/\",\"name\":\"FAQ - Pippiwool\",\"isPartOf\":{\"@id\":\"https:\/\/pippiwool.com\/#website\"},\"datePublished\":\"2026-03-25T14:01:02+00:00\",\"dateModified\":\"2026-03-26T15:19:00+00:00\",\"breadcrumb\":{\"@id\":\"https:\/\/pippiwool.com\/index.php\/faq\/#breadcrumb\"},\"inLanguage\":\"fr-FR\",\"potentialAction\":[{\"@type\":\"ReadAction\",\"target\":[\"https:\/\/pippiwool.com\/index.php\/faq\/\"]}]},{\"@type\":\"BreadcrumbList\",\"@id\":\"https:\/\/pippiwool.com\/index.php\/faq\/#breadcrumb\",\"itemListElement\":[{\"@type\":\"ListItem\",\"position\":1,\"name\":\"Accueil\",\"item\":\"https:\/\/pippiwool.com\/\"},{\"@type\":\"ListItem\",\"position\":2,\"name\":\"FAQ\"}]},{\"@type\":\"WebSite\",\"@id\":\"https:\/\/pippiwool.com\/#website\",\"url\":\"https:\/\/pippiwool.com\/\",\"name\":\"Pippiwool\",\"description\":\"\",\"publisher\":{\"@id\":\"https:\/\/pippiwool.com\/#organization\"},\"potentialAction\":[{\"@type\":\"SearchAction\",\"target\":{\"@type\":\"EntryPoint\",\"urlTemplate\":\"https:\/\/pippiwool.com\/?s={search_term_string}\"},\"query-input\":{\"@type\":\"PropertyValueSpecification\",\"valueRequired\":true,\"valueName\":\"search_term_string\"}}],\"inLanguage\":\"fr-FR\"},{\"@type\":\"Organization\",\"@id\":\"https:\/\/pippiwool.com\/#organization\",\"name\":\"Pippiwool\",\"url\":\"https:\/\/pippiwool.com\/\",\"logo\":{\"@type\":\"ImageObject\",\"inLanguage\":\"fr-FR\",\"@id\":\"https:\/\/pippiwool.com\/#\/schema\/logo\/image\/\",\"url\":\"https:\/\/pippiwool.com\/wp-content\/uploads\/2025\/12\/1.png\",\"contentUrl\":\"https:\/\/pippiwool.com\/wp-content\/uploads\/2025\/12\/1.png\",\"width\":500,\"height\":500,\"caption\":\"Pippiwool\"},\"image\":{\"@id\":\"https:\/\/pippiwool.com\/#\/schema\/logo\/image\/\"}}]}<\/script>\n<!-- \/ Yoast SEO plugin. -->","yoast_head_json":{"title":"FAQ - Pippiwool","robots":{"index":"noindex","follow":"follow","max-snippet":"max-snippet:-1","max-image-preview":"max-image-preview:large","max-video-preview":"max-video-preview:-1"},"og_locale":"fr_FR","og_type":"article","og_title":"FAQ - Pippiwool","og_description":"FAQ D&rsquo;o\u00f9 viennent les textiles ? Combien de temps de livraison ? Peut-on faire une commande personnalis\u00e9e ? Quels moyens de paiement sont accept\u00e9s ?","og_url":"https:\/\/pippiwool.com\/index.php\/faq\/","og_site_name":"Pippiwool","article_modified_time":"2026-03-26T15:19:00+00:00","twitter_card":"summary_large_image","twitter_misc":{"Dur\u00e9e de lecture estim\u00e9e":"1 minute"},"schema":{"@context":"https:\/\/schema.org","@graph":[{"@type":"WebPage","@id":"https:\/\/pippiwool.com\/index.php\/faq\/","url":"https:\/\/pippiwool.com\/index.php\/faq\/","name":"FAQ - Pippiwool","isPartOf":{"@id":"https:\/\/pippiwool.com\/#website"},"datePublished":"2026-03-25T14:01:02+00:00","dateModified":"2026-03-26T15:19:00+00:00","breadcrumb":{"@id":"https:\/\/pippiwool.com\/index.php\/faq\/#breadcrumb"},"inLanguage":"fr-FR","potentialAction":[{"@type":"ReadAction","target":["https:\/\/pippiwool.com\/index.php\/faq\/"]}]},{"@type":"BreadcrumbList","@id":"https:\/\/pippiwool.com\/index.php\/faq\/#breadcrumb","itemListElement":[{"@type":"ListItem","position":1,"name":"Accueil","item":"https:\/\/pippiwool.com\/"},{"@type":"ListItem","position":2,"name":"FAQ"}]},{"@type":"WebSite","@id":"https:\/\/pippiwool.com\/#website","url":"https:\/\/pippiwool.com\/","name":"Pippiwool","description":"","publisher":{"@id":"https:\/\/pippiwool.com\/#organization"},"potentialAction":[{"@type":"SearchAction","target":{"@type":"EntryPoint","urlTemplate":"https:\/\/pippiwool.com\/?s={search_term_string}"},"query-input":{"@type":"PropertyValueSpecification","valueRequired":true,"valueName":"search_term_string"}}],"inLanguage":"fr-FR"},{"@type":"Organization","@id":"https:\/\/pippiwool.com\/#organization","name":"Pippiwool","url":"https:\/\/pippiwool.com\/","logo":{"@type":"ImageObject","inLanguage":"fr-FR","@id":"https:\/\/pippiwool.com\/#\/schema\/logo\/image\/","url":"https:\/\/pippiwool.com\/wp-content\/uploads\/2025\/12\/1.png","contentUrl":"https:\/\/pippiwool.com\/wp-content\/uploads\/2025\/12\/1.png","width":500,"height":500,"caption":"Pippiwool"},"image":{"@id":"https:\/\/pippiwool.com\/#\/schema\/logo\/image\/"}}]}},"uagb_featured_image_src":{"full":false,"thumbnail":false,"medium":false,"medium_large":false,"large":false,"1536x1536":false,"2048x2048":false,"woocommerce_thumbnail":false,"woocommerce_single":false,"woocommerce_gallery_thumbnail":false},"uagb_author_info":{"display_name":"admin4607","author_link":"https:\/\/pippiwool.com\/index.php\/author\/admin4607\/"},"uagb_comment_info":0,"uagb_excerpt":"FAQ D&rsquo;o\u00f9 viennent les textiles ? Combien de temps de livraison ? Peut-on faire une commande personnalis\u00e9e ? Quels moyens de paiement sont accept\u00e9s ?","_links":{"self":[{"href":"https:\/\/pippiwool.com\/index.php\/wp-json\/wp\/v2\/pages\/225","targetHints":{"allow":["GET"]}}],"collection":[{"href":"https:\/\/pippiwool.com\/index.php\/wp-json\/wp\/v2\/pages"}],"about":[{"href":"https:\/\/pippiwool.com\/index.php\/wp-json\/wp\/v2\/types\/page"}],"author":[{"embeddable":true,"href":"https:\/\/pippiwool.com\/index.php\/wp-json\/wp\/v2\/users\/1"}],"replies":[{"embeddable":true,"href":"https:\/\/pippiwool.com\/index.php\/wp-json\/wp\/v2\/comments?post=225"}],"version-history":[{"count":16,"href":"https:\/\/pippiwool.com\/index.php\/wp-json\/wp\/v2\/pages\/225\/revisions"}],"predecessor-version":[{"id":265,"href":"https:\/\/pippiwool.com\/index.php\/wp-json\/wp\/v2\/pages\/225\/revisions\/265"}],"wp:attachment":[{"href":"https:\/\/pippiwool.com\/index.php\/wp-json\/wp\/v2\/media?parent=225"}],"curies":[{"name":"wp","href":"https:\/\/api.w.org\/{rel}","templated":true}]}}